{"id":7180,"date":"2024-04-10T10:21:23","date_gmt":"2024-04-10T08:21:23","guid":{"rendered":"https:\/\/www.uptale.io\/?page_id=7180"},"modified":"2024-07-01T12:06:12","modified_gmt":"2024-07-01T10:06:12","slug":"soft-skills","status":"publish","type":"page","link":"https:\/\/www.uptale.io\/en\/education\/soft-skills\/","title":{"rendered":"Soft Skills"},"content":{"rendered":"","protected":false},"excerpt":{"rendered":"","protected":false},"author":12,"featured_media":7011,"parent":6958,"menu_order":0,"comment_status":"closed","ping_status":"closed","template":"","meta":{"_acf_changed":false,"content-type":"","footnotes":""},"class_list":["post-7180","page","type-page","status-publish","has-post-thumbnail","hentry"],"acf":[],"yoast_head":"<!-- This site is optimized with the Yoast SEO plugin v26.8 - https:\/\/yoast.com\/product\/yoast-seo-wordpress\/ -->\n<title>Soft Skills - Uptale<\/title>\n<meta name=\"description\" content=\"VR offers learners an immersive way to develop their soft skills and enhance their professional maturity.\" \/>\n<meta name=\"robots\" content=\"index, follow, max-snippet:-1, max-image-preview:large, max-video-preview:-1\" \/>\n<link rel=\"canonical\" href=\"https:\/\/www.uptale.io\/en\/education\/soft-skills\/\" \/>\n<meta property=\"og:locale\" content=\"en_US\" \/>\n<meta property=\"og:type\" content=\"article\" \/>\n<meta property=\"og:title\" content=\"Soft Skills - Uptale\" \/>\n<meta property=\"og:description\" content=\"VR offers learners an immersive way to develop their soft skills and enhance their professional maturity.\" \/>\n<meta property=\"og:url\" content=\"https:\/\/www.uptale.io\/en\/education\/soft-skills\/\" \/>\n<meta property=\"og:site_name\" content=\"Uptale\" \/>\n<meta property=\"article:publisher\" content=\"https:\/\/www.facebook.com\/uptale\/\" \/>\n<meta property=\"article:modified_time\" content=\"2024-07-01T10:06:12+00:00\" \/>\n<meta property=\"og:image\" content=\"https:\/\/www.uptale.io\/wp-content\/uploads\/2024\/04\/Skema-negociation-salariale-web-EN-1-2.jpg\" \/>\n\t<meta property=\"og:image:width\" content=\"2000\" \/>\n\t<meta property=\"og:image:height\" content=\"1125\" \/>\n\t<meta property=\"og:image:type\" content=\"image\/jpeg\" \/>\n<meta name=\"twitter:card\" content=\"summary_large_image\" \/>\n<meta name=\"twitter:label1\" content=\"Est. reading time\" \/>\n\t<meta name=\"twitter:data1\" content=\"2 minutes\" \/>\n<script type=\"application\/ld+json\" class=\"yoast-schema-graph\">{\"@context\":\"https:\/\/schema.org\",\"@graph\":[{\"@type\":\"WebPage\",\"@id\":\"https:\/\/www.uptale.io\/en\/education\/soft-skills\/\",\"url\":\"https:\/\/www.uptale.io\/en\/education\/soft-skills\/\",\"name\":\"Soft Skills - Uptale\",\"isPartOf\":{\"@id\":\"https:\/\/Uptale-PublicWebsite-AS-euhnedencec4bras.francecentral-01.azurewebsites.net\/#website\"},\"primaryImageOfPage\":{\"@id\":\"https:\/\/www.uptale.io\/en\/education\/soft-skills\/#primaryimage\"},\"image\":{\"@id\":\"https:\/\/www.uptale.io\/en\/education\/soft-skills\/#primaryimage\"},\"thumbnailUrl\":\"\/wp-content\/uploads\/2024\/04\/Skema-negociation-salariale-web-EN-1-2.jpg\",\"datePublished\":\"2024-04-10T08:21:23+00:00\",\"dateModified\":\"2024-07-01T10:06:12+00:00\",\"description\":\"VR offers learners an immersive way to develop their soft skills and enhance their professional maturity.\",\"breadcrumb\":{\"@id\":\"https:\/\/www.uptale.io\/en\/education\/soft-skills\/#breadcrumb\"},\"inLanguage\":\"en-US\",\"potentialAction\":[{\"@type\":\"ReadAction\",\"target\":[\"https:\/\/www.uptale.io\/en\/education\/soft-skills\/\"]}]},{\"@type\":\"ImageObject\",\"inLanguage\":\"en-US\",\"@id\":\"https:\/\/www.uptale.io\/en\/education\/soft-skills\/#primaryimage\",\"url\":\"\/wp-content\/uploads\/2024\/04\/Skema-negociation-salariale-web-EN-1-2.jpg\",\"contentUrl\":\"\/wp-content\/uploads\/2024\/04\/Skema-negociation-salariale-web-EN-1-2.jpg\",\"width\":2000,\"height\":1125,\"caption\":\"Exp\u00e9rience en VR sur la n\u00e9gociation salariale pour les \u00e9tudiants de SKEMA. Ici, on a une coach carri\u00e8re qui pose des questions\"},{\"@type\":\"BreadcrumbList\",\"@id\":\"https:\/\/www.uptale.io\/en\/education\/soft-skills\/#breadcrumb\",\"itemListElement\":[{\"@type\":\"ListItem\",\"position\":1,\"name\":\"Accueil\",\"item\":\"https:\/\/www.uptale.io\/en\/\"},{\"@type\":\"ListItem\",\"position\":2,\"name\":\"Education &#8211; Home\",\"item\":\"https:\/\/uptale.io\/en\/education\/\"},{\"@type\":\"ListItem\",\"position\":3,\"name\":\"Soft Skills\"}]},{\"@type\":\"WebSite\",\"@id\":\"https:\/\/Uptale-PublicWebsite-AS-euhnedencec4bras.francecentral-01.azurewebsites.net\/#website\",\"url\":\"https:\/\/Uptale-PublicWebsite-AS-euhnedencec4bras.francecentral-01.azurewebsites.net\/\",\"name\":\"Uptale\",\"description\":\"Plateforme de Formation par la R\u00e9alit\u00e9 Virtuelle\",\"publisher\":{\"@id\":\"https:\/\/Uptale-PublicWebsite-AS-euhnedencec4bras.francecentral-01.azurewebsites.net\/#organization\"},\"potentialAction\":[{\"@type\":\"SearchAction\",\"target\":{\"@type\":\"EntryPoint\",\"urlTemplate\":\"https:\/\/Uptale-PublicWebsite-AS-euhnedencec4bras.francecentral-01.azurewebsites.net\/?s={search_term_string}\"},\"query-input\":{\"@type\":\"PropertyValueSpecification\",\"valueRequired\":true,\"valueName\":\"search_term_string\"}}],\"inLanguage\":\"en-US\"},{\"@type\":\"Organization\",\"@id\":\"https:\/\/Uptale-PublicWebsite-AS-euhnedencec4bras.francecentral-01.azurewebsites.net\/#organization\",\"name\":\"Uptale\",\"url\":\"https:\/\/Uptale-PublicWebsite-AS-euhnedencec4bras.francecentral-01.azurewebsites.net\/\",\"logo\":{\"@type\":\"ImageObject\",\"inLanguage\":\"en-US\",\"@id\":\"https:\/\/Uptale-PublicWebsite-AS-euhnedencec4bras.francecentral-01.azurewebsites.net\/#\/schema\/logo\/image\/\",\"url\":\"https:\/\/www.uptale.io\/wp-content\/uploads\/2023\/10\/Logo-Dark-Green_1.svg\",\"contentUrl\":\"https:\/\/www.uptale.io\/wp-content\/uploads\/2023\/10\/Logo-Dark-Green_1.svg\",\"width\":936,\"height\":335,\"caption\":\"Uptale\"},\"image\":{\"@id\":\"https:\/\/Uptale-PublicWebsite-AS-euhnedencec4bras.francecentral-01.azurewebsites.net\/#\/schema\/logo\/image\/\"},\"sameAs\":[\"https:\/\/www.facebook.com\/uptale\/\",\"https:\/\/www.linkedin.com\/company\/uptale\/\"]}]}<\/script>\n<!-- \/ Yoast SEO plugin. -->","yoast_head_json":{"title":"Soft Skills - Uptale","description":"VR offers learners an immersive way to develop their soft skills and enhance their professional maturity.","robots":{"index":"index","follow":"follow","max-snippet":"max-snippet:-1","max-image-preview":"max-image-preview:large","max-video-preview":"max-video-preview:-1"},"canonical":"https:\/\/www.uptale.io\/en\/education\/soft-skills\/","og_locale":"en_US","og_type":"article","og_title":"Soft Skills - Uptale","og_description":"VR offers learners an immersive way to develop their soft skills and enhance their professional maturity.","og_url":"https:\/\/www.uptale.io\/en\/education\/soft-skills\/","og_site_name":"Uptale","article_publisher":"https:\/\/www.facebook.com\/uptale\/","article_modified_time":"2024-07-01T10:06:12+00:00","og_image":[{"width":2000,"height":1125,"url":"https:\/\/www.uptale.io\/wp-content\/uploads\/2024\/04\/Skema-negociation-salariale-web-EN-1-2.jpg","type":"image\/jpeg"}],"twitter_card":"summary_large_image","twitter_misc":{"Est. reading time":"2 minutes"},"schema":{"@context":"https:\/\/schema.org","@graph":[{"@type":"WebPage","@id":"https:\/\/www.uptale.io\/en\/education\/soft-skills\/","url":"https:\/\/www.uptale.io\/en\/education\/soft-skills\/","name":"Soft Skills - Uptale","isPartOf":{"@id":"https:\/\/Uptale-PublicWebsite-AS-euhnedencec4bras.francecentral-01.azurewebsites.net\/#website"},"primaryImageOfPage":{"@id":"https:\/\/www.uptale.io\/en\/education\/soft-skills\/#primaryimage"},"image":{"@id":"https:\/\/www.uptale.io\/en\/education\/soft-skills\/#primaryimage"},"thumbnailUrl":"\/wp-content\/uploads\/2024\/04\/Skema-negociation-salariale-web-EN-1-2.jpg","datePublished":"2024-04-10T08:21:23+00:00","dateModified":"2024-07-01T10:06:12+00:00","description":"VR offers learners an immersive way to develop their soft skills and enhance their professional maturity.","breadcrumb":{"@id":"https:\/\/www.uptale.io\/en\/education\/soft-skills\/#breadcrumb"},"inLanguage":"en-US","potentialAction":[{"@type":"ReadAction","target":["https:\/\/www.uptale.io\/en\/education\/soft-skills\/"]}]},{"@type":"ImageObject","inLanguage":"en-US","@id":"https:\/\/www.uptale.io\/en\/education\/soft-skills\/#primaryimage","url":"\/wp-content\/uploads\/2024\/04\/Skema-negociation-salariale-web-EN-1-2.jpg","contentUrl":"\/wp-content\/uploads\/2024\/04\/Skema-negociation-salariale-web-EN-1-2.jpg","width":2000,"height":1125,"caption":"Exp\u00e9rience en VR sur la n\u00e9gociation salariale pour les \u00e9tudiants de SKEMA. Ici, on a une coach carri\u00e8re qui pose des questions"},{"@type":"BreadcrumbList","@id":"https:\/\/www.uptale.io\/en\/education\/soft-skills\/#breadcrumb","itemListElement":[{"@type":"ListItem","position":1,"name":"Accueil","item":"https:\/\/www.uptale.io\/en\/"},{"@type":"ListItem","position":2,"name":"Education &#8211; Home","item":"https:\/\/uptale.io\/en\/education\/"},{"@type":"ListItem","position":3,"name":"Soft Skills"}]},{"@type":"WebSite","@id":"https:\/\/Uptale-PublicWebsite-AS-euhnedencec4bras.francecentral-01.azurewebsites.net\/#website","url":"https:\/\/Uptale-PublicWebsite-AS-euhnedencec4bras.francecentral-01.azurewebsites.net\/","name":"Uptale","description":"Plateforme de Formation par la R\u00e9alit\u00e9 Virtuelle","publisher":{"@id":"https:\/\/Uptale-PublicWebsite-AS-euhnedencec4bras.francecentral-01.azurewebsites.net\/#organization"},"potentialAction":[{"@type":"SearchAction","target":{"@type":"EntryPoint","urlTemplate":"https:\/\/Uptale-PublicWebsite-AS-euhnedencec4bras.francecentral-01.azurewebsites.net\/?s={search_term_string}"},"query-input":{"@type":"PropertyValueSpecification","valueRequired":true,"valueName":"search_term_string"}}],"inLanguage":"en-US"},{"@type":"Organization","@id":"https:\/\/Uptale-PublicWebsite-AS-euhnedencec4bras.francecentral-01.azurewebsites.net\/#organization","name":"Uptale","url":"https:\/\/Uptale-PublicWebsite-AS-euhnedencec4bras.francecentral-01.azurewebsites.net\/","logo":{"@type":"ImageObject","inLanguage":"en-US","@id":"https:\/\/Uptale-PublicWebsite-AS-euhnedencec4bras.francecentral-01.azurewebsites.net\/#\/schema\/logo\/image\/","url":"https:\/\/www.uptale.io\/wp-content\/uploads\/2023\/10\/Logo-Dark-Green_1.svg","contentUrl":"https:\/\/www.uptale.io\/wp-content\/uploads\/2023\/10\/Logo-Dark-Green_1.svg","width":936,"height":335,"caption":"Uptale"},"image":{"@id":"https:\/\/Uptale-PublicWebsite-AS-euhnedencec4bras.francecentral-01.azurewebsites.net\/#\/schema\/logo\/image\/"},"sameAs":["https:\/\/www.facebook.com\/uptale\/","https:\/\/www.linkedin.com\/company\/uptale\/"]}]}},"_links":{"self":[{"href":"https:\/\/www.uptale.io\/en\/wp-json\/wp\/v2\/pages\/7180","targetHints":{"allow":["GET"]}}],"collection":[{"href":"https:\/\/www.uptale.io\/en\/wp-json\/wp\/v2\/pages"}],"about":[{"href":"https:\/\/www.uptale.io\/en\/wp-json\/wp\/v2\/types\/page"}],"author":[{"embeddable":true,"href":"https:\/\/www.uptale.io\/en\/wp-json\/wp\/v2\/users\/12"}],"replies":[{"embeddable":true,"href":"https:\/\/www.uptale.io\/en\/wp-json\/wp\/v2\/comments?post=7180"}],"version-history":[{"count":0,"href":"https:\/\/www.uptale.io\/en\/wp-json\/wp\/v2\/pages\/7180\/revisions"}],"up":[{"embeddable":true,"href":"https:\/\/www.uptale.io\/en\/wp-json\/wp\/v2\/pages\/6958"}],"wp:featuredmedia":[{"embeddable":true,"href":"https:\/\/www.uptale.io\/en\/wp-json\/wp\/v2\/media\/7011"}],"wp:attachment":[{"href":"https:\/\/www.uptale.io\/en\/wp-json\/wp\/v2\/media?parent=7180"}],"curies":[{"name":"wp","href":"https:\/\/api.w.org\/{rel}","templated":true}]}}